{"id":5638,"date":"2024-03-25T15:32:24","date_gmt":"2024-03-25T14:32:24","guid":{"rendered":"https:\/\/neuton.de\/?page_id=5638"},"modified":"2026-02-11T13:16:13","modified_gmt":"2026-02-11T12:16:13","slug":"destination-wedding","status":"publish","type":"page","link":"https:\/\/neuton.de\/en\/destination-wedding\/","title":{"rendered":"Destination Wedding"},"content":{"rendered":"<div data-elementor-type=\"wp-page\" data-elementor-id=\"5638\" class=\"elementor elementor-5638\" data-elementor-post-type=\"page\">\n\t\t\t\t<div class=\"elementor-element elementor-element-7d5c115 e-flex e-con-boxed e-con e-parent\" data-id=\"7d5c115\" data-element_type=\"container\" data-e-type=\"container\" data-settings=\"{&quot;background_background&quot;:&quot;classic&quot;}\">\n\t\t\t\t\t<div class=\"e-con-inner\">\n\t\t<div class=\"elementor-element elementor-element-8c35d71 e-con-full e-flex e-con e-child\" data-id=\"8c35d71\" data-element_type=\"container\" data-e-type=\"container\">\n\t\t\t\t<\/div>\n\t\t\t\t\t<\/div>\n\t\t\t\t<\/div>\n\t\t<div class=\"elementor-element elementor-element-396a556 e-flex e-con-boxed e-con e-parent\" data-id=\"396a556\" data-element_type=\"container\" data-e-type=\"container\">\n\t\t\t\t\t<div class=\"e-con-inner\">\n\t\t<div class=\"elementor-element elementor-element-9b13267 e-con-full e-flex e-con e-child\" data-id=\"9b13267\" data-element_type=\"container\" data-e-type=\"container\">\n\t\t\t\t<div class=\"elementor-element elementor-element-b0bfa31 elementor-widget elementor-widget-heading\" data-id=\"b0bfa31\" data-element_type=\"widget\" data-e-type=\"widget\" data-widget_type=\"heading.default\">\n\t\t\t\t<div class=\"elementor-widget-container\">\n\t\t\t\t\t<h3 class=\"elementor-heading-title elementor-size-default\">Wedding band for your destination wedding<\/h3>\t\t\t\t<\/div>\n\t\t\t\t<\/div>\n\t\t\t\t<div class=\"elementor-element elementor-element-d9bd8a4 elementor-widget elementor-widget-text-editor\" data-id=\"d9bd8a4\" data-element_type=\"widget\" data-e-type=\"widget\" data-widget_type=\"text-editor.default\">\n\t\t\t\t<div class=\"elementor-widget-container\">\n\t\t\t\t\t\t\t\t\t<p><span style=\"font-weight: 400;\">Welcome and we are glad that you have found your way to us! We are Anna and Tobias and no distance is too far for us for your love. Over the last 10 years we have been able to provide the soundtrack to Destination Weddings on <\/span>Mallorca, Tuscany, Portugal, Austria, France and Poland and thus create unforgettable moments.&nbsp;<\/p>\n<p style=\"font-weight: 400;\"><span style=\"color: var( --e-global-color-text ); font-family: var( --e-global-typography-text-font-family ), Sans-serif; font-size: 1rem;\">We not only attach importance to the right choice of music, but also to everything around it, such as the technical implementation, quick and reliable arrangements and individual music requests, in order to always be a professional partner for you in the planning and on the wedding day itself.<\/span><\/p>\n<p style=\"font-weight: 400;\">So that you and your guests get as much out of the live music as possible, we have developed a service concept that is tailored precisely to weddings over 10 years of experience. This means that we can always offer you the right highlight on your wedding day, from the emotional ceremony to the exuberant start of the party, and have prepared suitable packages. For a complete overview of our range of services, please send us a message using the contact form on the website or send an email to <a href=\"mailto:hallo@neuton.de\">hallo@neuton.de<\/a><\/p>\n<p style=\"font-weight: 400;\"><br><\/p>\t\t\t\t\t\t\t\t<\/div>\n\t\t\t\t<\/div>\n\t\t\t\t<div class=\"elementor-element elementor-element-b1b2d34 elementor-align-center elementor-widget elementor-widget-button\" data-id=\"b1b2d34\" data-element_type=\"widget\" data-e-type=\"widget\" data-widget_type=\"button.default\">\n\t\t\t\t<div class=\"elementor-widget-container\">\n\t\t\t\t\t\t\t\t\t<div class=\"elementor-button-wrapper\">\n\t\t\t\t\t<a class=\"elementor-button elementor-button-link elementor-size-lg\" href=\"http:\/\/neuton.de\/en\/kontakt\/\">\n\t\t\t\t\t\t<span class=\"elementor-button-content-wrapper\">\n\t\t\t\t\t\t\t\t\t<span class=\"elementor-button-text\">Inquire now<\/span>\n\t\t\t\t\t<\/span>\n\t\t\t\t\t<\/a>\n\t\t\t\t<\/div>\n\t\t\t\t\t\t\t\t<\/div>\n\t\t\t\t<\/div>\n\t\t\t\t<\/div>\n\t\t<div class=\"elementor-element elementor-element-f8e177c e-con-full e-flex e-con e-child\" data-id=\"f8e177c\" data-element_type=\"container\" data-e-type=\"container\">\n\t\t\t\t<div class=\"elementor-element elementor-element-a6f1bea elementor-widget elementor-widget-heading\" data-id=\"a6f1bea\" data-element_type=\"widget\" data-e-type=\"widget\" data-widget_type=\"heading.default\">\n\t\t\t\t<div class=\"elementor-widget-container\">\n\t\t\t\t\t<h3 class=\"elementor-heading-title elementor-size-default\">Our services:<\/h3>\t\t\t\t<\/div>\n\t\t\t\t<\/div>\n\t\t\t\t<div class=\"elementor-element elementor-element-4e9400f elementor-icon-list--layout-traditional elementor-list-item-link-full_width elementor-widget elementor-widget-icon-list\" data-id=\"4e9400f\" data-element_type=\"widget\" data-e-type=\"widget\" data-widget_type=\"icon-list.default\">\n\t\t\t\t<div class=\"elementor-widget-container\">\n\t\t\t\t\t\t\t<ul class=\"elementor-icon-list-items\">\n\t\t\t\t\t\t\t<li class=\"elementor-icon-list-item\">\n\t\t\t\t\t\t\t\t\t\t\t<span class=\"elementor-icon-list-icon\">\n\t\t\t\t\t\t\t<i aria-hidden=\"true\" class=\"fas fa-check\"><\/i>\t\t\t\t\t\t<\/span>\n\t\t\t\t\t\t\t\t\t\t<span class=\"elementor-icon-list-text\">Quadrilingual (DE \/ EN \/ ES \/ PL)<\/span>\n\t\t\t\t\t\t\t\t\t<\/li>\n\t\t\t\t\t\t\t\t<li class=\"elementor-icon-list-item\">\n\t\t\t\t\t\t\t\t\t\t\t<span class=\"elementor-icon-list-icon\">\n\t\t\t\t\t\t\t<i aria-hidden=\"true\" class=\"fas fa-check\"><\/i>\t\t\t\t\t\t<\/span>\n\t\t\t\t\t\t\t\t\t\t<span class=\"elementor-icon-list-text\">Fast communication<\/span>\n\t\t\t\t\t\t\t\t\t<\/li>\n\t\t\t\t\t\t\t\t<li class=\"elementor-icon-list-item\">\n\t\t\t\t\t\t\t\t\t\t\t<span class=\"elementor-icon-list-icon\">\n\t\t\t\t\t\t\t<i aria-hidden=\"true\" class=\"fas fa-check\"><\/i>\t\t\t\t\t\t<\/span>\n\t\t\t\t\t\t\t\t\t\t<span class=\"elementor-icon-list-text\">Comprehensive advice<\/span>\n\t\t\t\t\t\t\t\t\t<\/li>\n\t\t\t\t\t\t\t\t<li class=\"elementor-icon-list-item\">\n\t\t\t\t\t\t\t\t\t\t\t<span class=\"elementor-icon-list-icon\">\n\t\t\t\t\t\t\t<i aria-hidden=\"true\" class=\"fas fa-check\"><\/i>\t\t\t\t\t\t<\/span>\n\t\t\t\t\t\t\t\t\t\t<span class=\"elementor-icon-list-text\">Background music during breaks<\/span>\n\t\t\t\t\t\t\t\t\t<\/li>\n\t\t\t\t\t\t\t\t<li class=\"elementor-icon-list-item\">\n\t\t\t\t\t\t\t\t\t\t\t<span class=\"elementor-icon-list-icon\">\n\t\t\t\t\t\t\t<i aria-hidden=\"true\" class=\"fas fa-check\"><\/i>\t\t\t\t\t\t<\/span>\n\t\t\t\t\t\t\t\t\t\t<span class=\"elementor-icon-list-text\">Wide-ranging repertoire<\/span>\n\t\t\t\t\t\t\t\t\t<\/li>\n\t\t\t\t\t\t\t\t<li class=\"elementor-icon-list-item\">\n\t\t\t\t\t\t\t\t\t\t\t<span class=\"elementor-icon-list-icon\">\n\t\t\t\t\t\t\t<i aria-hidden=\"true\" class=\"fas fa-check\"><\/i>\t\t\t\t\t\t<\/span>\n\t\t\t\t\t\t\t\t\t\t<span class=\"elementor-icon-list-text\">Request songs for the wedding<\/span>\n\t\t\t\t\t\t\t\t\t<\/li>\n\t\t\t\t\t\t\t\t<li class=\"elementor-icon-list-item\">\n\t\t\t\t\t\t\t\t\t\t\t<span class=\"elementor-icon-list-icon\">\n\t\t\t\t\t\t\t<i aria-hidden=\"true\" class=\"fas fa-check\"><\/i>\t\t\t\t\t\t<\/span>\n\t\t\t\t\t\t\t\t\t\t<span class=\"elementor-icon-list-text\">Professional audio technology<\/span>\n\t\t\t\t\t\t\t\t\t<\/li>\n\t\t\t\t\t\t\t\t<li class=\"elementor-icon-list-item\">\n\t\t\t\t\t\t\t\t\t\t\t<span class=\"elementor-icon-list-icon\">\n\t\t\t\t\t\t\t<i aria-hidden=\"true\" class=\"fas fa-check\"><\/i>\t\t\t\t\t\t<\/span>\n\t\t\t\t\t\t\t\t\t\t<span class=\"elementor-icon-list-text\">Transparency in all costs<\/span>\n\t\t\t\t\t\t\t\t\t<\/li>\n\t\t\t\t\t\t<\/ul>\n\t\t\t\t\t\t<\/div>\n\t\t\t\t<\/div>\n\t\t\t\t<\/div>\n\t\t\t\t\t<\/div>\n\t\t\t\t<\/div>\n\t\t<div class=\"elementor-element elementor-element-39a437d e-flex e-con-boxed e-con e-parent\" data-id=\"39a437d\" data-element_type=\"container\" data-e-type=\"container\" data-settings=\"{&quot;background_background&quot;:&quot;classic&quot;}\">\n\t\t\t\t\t<div class=\"e-con-inner\">\n\t\t<div class=\"elementor-element elementor-element-e34b818 e-con-full e-flex e-con e-child\" data-id=\"e34b818\" data-element_type=\"container\" data-e-type=\"container\">\n\t\t\t\t<div class=\"elementor-element elementor-element-d8a6854 elementor-widget elementor-widget-heading\" data-id=\"d8a6854\" data-element_type=\"widget\" data-e-type=\"widget\" data-widget_type=\"heading.default\">\n\t\t\t\t<div class=\"elementor-widget-container\">\n\t\t\t\t\t<h3 class=\"elementor-heading-title elementor-size-default\">The perfect sound for your day:<\/h3>\t\t\t\t<\/div>\n\t\t\t\t<\/div>\n\t\t<div class=\"elementor-element elementor-element-305919b e-con-full e-flex e-con e-child\" data-id=\"305919b\" data-element_type=\"container\" data-e-type=\"container\">\n\t\t<div class=\"elementor-element elementor-element-f6a5bf3 e-con-full e-flex e-con e-child\" data-id=\"f6a5bf3\" data-element_type=\"container\" data-e-type=\"container\">\n\t\t\t\t<div class=\"elementor-element elementor-element-9e09543 elementor-widget elementor-widget-video\" data-id=\"9e09543\" data-element_type=\"widget\" data-e-type=\"widget\" data-settings=\"{&quot;youtube_url&quot;:&quot;https:\\\/\\\/www.youtube.com\\\/watch?v=FJL3EUlOMAM&quot;,&quot;video_type&quot;:&quot;youtube&quot;,&quot;controls&quot;:&quot;yes&quot;}\" data-widget_type=\"video.default\">\n\t\t\t\t<div class=\"elementor-widget-container\">\n\t\t\t\t\t\t\t<div class=\"elementor-wrapper elementor-open-inline\">\n\t\t\t<div class=\"elementor-video\"><\/div>\t\t<\/div>\n\t\t\t\t\t\t<\/div>\n\t\t\t\t<\/div>\n\t\t\t\t<\/div>\n\t\t<div class=\"elementor-element elementor-element-4b4e353 e-con-full e-flex e-con e-child\" data-id=\"4b4e353\" data-element_type=\"container\" data-e-type=\"container\">\n\t\t\t\t<div class=\"elementor-element elementor-element-57e2619 elementor-widget elementor-widget-video\" data-id=\"57e2619\" data-element_type=\"widget\" data-e-type=\"widget\" data-settings=\"{&quot;youtube_url&quot;:&quot;https:\\\/\\\/www.youtube.com\\\/watch?v=d4Ag4A0wgoU&quot;,&quot;video_type&quot;:&quot;youtube&quot;,&quot;controls&quot;:&quot;yes&quot;}\" data-widget_type=\"video.default\">\n\t\t\t\t<div class=\"elementor-widget-container\">\n\t\t\t\t\t\t\t<div class=\"elementor-wrapper elementor-open-inline\">\n\t\t\t<div class=\"elementor-video\"><\/div>\t\t<\/div>\n\t\t\t\t\t\t<\/div>\n\t\t\t\t<\/div>\n\t\t\t\t<\/div>\n\t\t\t\t<\/div>\n\t\t<div class=\"elementor-element elementor-element-20bf0ca e-con-full e-flex e-con e-child\" data-id=\"20bf0ca\" data-element_type=\"container\" data-e-type=\"container\">\n\t\t<div class=\"elementor-element elementor-element-7f8ca0a e-con-full e-flex e-con e-child\" data-id=\"7f8ca0a\" data-element_type=\"container\" data-e-type=\"container\">\n\t\t\t\t<div class=\"elementor-element elementor-element-06f0eb3 elementor-widget elementor-widget-video\" data-id=\"06f0eb3\" data-element_type=\"widget\" data-e-type=\"widget\" data-settings=\"{&quot;youtube_url&quot;:&quot;https:\\\/\\\/www.youtube.com\\\/watch?v=0Ol5FDWpa8o&quot;,&quot;video_type&quot;:&quot;youtube&quot;,&quot;controls&quot;:&quot;yes&quot;}\" data-widget_type=\"video.default\">\n\t\t\t\t<div class=\"elementor-widget-container\">\n\t\t\t\t\t\t\t<div class=\"elementor-wrapper elementor-open-inline\">\n\t\t\t<div class=\"elementor-video\"><\/div>\t\t<\/div>\n\t\t\t\t\t\t<\/div>\n\t\t\t\t<\/div>\n\t\t\t\t<\/div>\n\t\t<div class=\"elementor-element elementor-element-205cd85 e-con-full e-flex e-con e-child\" data-id=\"205cd85\" data-element_type=\"container\" data-e-type=\"container\">\n\t\t\t\t<div class=\"elementor-element elementor-element-be8ab63 elementor-widget elementor-widget-video\" data-id=\"be8ab63\" data-element_type=\"widget\" data-e-type=\"widget\" data-settings=\"{&quot;youtube_url&quot;:&quot;https:\\\/\\\/www.youtube.com\\\/watch?v=6jWtZydxtMQ&quot;,&quot;video_type&quot;:&quot;youtube&quot;,&quot;controls&quot;:&quot;yes&quot;}\" data-widget_type=\"video.default\">\n\t\t\t\t<div class=\"elementor-widget-container\">\n\t\t\t\t\t\t\t<div class=\"elementor-wrapper elementor-open-inline\">\n\t\t\t<div class=\"elementor-video\"><\/div>\t\t<\/div>\n\t\t\t\t\t\t<\/div>\n\t\t\t\t<\/div>\n\t\t\t\t<\/div>\n\t\t\t\t<\/div>\n\t\t\t\t<div class=\"elementor-element elementor-element-f24cbc6 elementor-align-center elementor-widget elementor-widget-button\" data-id=\"f24cbc6\" data-element_type=\"widget\" data-e-type=\"widget\" data-widget_type=\"button.default\">\n\t\t\t\t<div class=\"elementor-widget-container\">\n\t\t\t\t\t\t\t\t\t<div class=\"elementor-button-wrapper\">\n\t\t\t\t\t<a class=\"elementor-button elementor-button-link elementor-size-lg\" href=\"http:\/\/neuton.de\/en\/kontakt\/\">\n\t\t\t\t\t\t<span class=\"elementor-button-content-wrapper\">\n\t\t\t\t\t\t\t\t\t<span class=\"elementor-button-text\">Inquire now<\/span>\n\t\t\t\t\t<\/span>\n\t\t\t\t\t<\/a>\n\t\t\t\t<\/div>\n\t\t\t\t\t\t\t\t<\/div>\n\t\t\t\t<\/div>\n\t\t\t\t<\/div>\n\t\t\t\t\t<\/div>\n\t\t\t\t<\/div>\n\t\t<div class=\"elementor-element elementor-element-51eab7b e-flex e-con-boxed e-con e-parent\" data-id=\"51eab7b\" data-element_type=\"container\" data-e-type=\"container\" data-settings=\"{&quot;background_background&quot;:&quot;classic&quot;}\">\n\t\t\t\t\t<div class=\"e-con-inner\">\n\t\t<div class=\"elementor-element elementor-element-d65bedb e-con-full e-flex e-con e-child\" data-id=\"d65bedb\" data-element_type=\"container\" data-e-type=\"container\">\n\t\t\t\t<\/div>\n\t\t\t\t\t<\/div>\n\t\t\t\t<\/div>\n\t\t\t\t<\/div>","protected":false},"excerpt":{"rendered":"<p>Hochzeitsband f\u00fcr euer Destination Wedding Herzlich willkommen und sch\u00f6n, dass ihr den Weg zu uns gefunden habt! Wir sind Anna und Tobias und f\u00fcr eure Liebe ist uns kein Weg zu weit. In den letzten 10 Jahren durften wir den Soundtrack zu Destination Weddings auf Mallorca, in der Toskana, in Portugal, \u00d6sterreich, Frankreich und Polen [&hellip;]<\/p>\n","protected":false},"author":1,"featured_media":0,"parent":0,"menu_order":0,"comment_status":"closed","ping_status":"open","template":"","meta":{"footnotes":""},"class_list":["post-5638","page","type-page","status-publish","hentry"],"yoast_head":"<!-- This site is optimized with the Yoast SEO plugin v27.4 - https:\/\/yoast.com\/product\/yoast-seo-wordpress\/ -->\n<title>NEUTON Akustikduo - Die Liveband f\u00fcr dein Destination Wedding<\/title>\n<meta name=\"description\" content=\"Liveband f\u00fcr Destination Weddings z.B. auf Mallorca oder in der Toskana. Professionelle Musiker, schnelle Absprachen und zuverl\u00e4ssige Partner f\u00fcr eure Hochzeit im Ausland.\" \/>\n<meta name=\"robots\" content=\"index, follow, max-snippet:-1, max-image-preview:large, max-video-preview:-1\" \/>\n<link rel=\"canonical\" href=\"https:\/\/neuton.de\/en\/destination-wedding\/\" \/>\n<meta property=\"og:locale\" content=\"en_GB\" \/>\n<meta property=\"og:type\" content=\"article\" \/>\n<meta property=\"og:title\" content=\"NEUTON Akustikduo - Die Liveband f\u00fcr dein Destination Wedding\" \/>\n<meta property=\"og:description\" content=\"Liveband f\u00fcr Destination Weddings z.B. auf Mallorca oder in der Toskana. Professionelle Musiker, schnelle Absprachen und zuverl\u00e4ssige Partner f\u00fcr eure Hochzeit im Ausland.\" \/>\n<meta property=\"og:url\" content=\"https:\/\/neuton.de\/en\/destination-wedding\/\" \/>\n<meta property=\"og:site_name\" content=\"NEUTON\" \/>\n<meta property=\"article:publisher\" content=\"https:\/\/facebook.com\/neuton.official\" \/>\n<meta property=\"article:modified_time\" content=\"2026-02-11T12:16:13+00:00\" \/>\n<meta name=\"twitter:card\" content=\"summary_large_image\" \/>\n<meta name=\"twitter:label1\" content=\"Estimated reading time\" \/>\n\t<meta name=\"twitter:data1\" content=\"2 minutes\" \/>\n<script type=\"application\/ld+json\" class=\"yoast-schema-graph\">{\"@context\":\"https:\\\/\\\/schema.org\",\"@graph\":[{\"@type\":\"WebPage\",\"@id\":\"https:\\\/\\\/neuton.de\\\/destination-wedding\\\/\",\"url\":\"https:\\\/\\\/neuton.de\\\/destination-wedding\\\/\",\"name\":\"NEUTON Akustikduo - Die Liveband f\u00fcr dein Destination Wedding\",\"isPartOf\":{\"@id\":\"https:\\\/\\\/neuton.de\\\/#website\"},\"datePublished\":\"2024-03-25T14:32:24+00:00\",\"dateModified\":\"2026-02-11T12:16:13+00:00\",\"description\":\"Liveband f\u00fcr Destination Weddings z.B. auf Mallorca oder in der Toskana. Professionelle Musiker, schnelle Absprachen und zuverl\u00e4ssige Partner f\u00fcr eure Hochzeit im Ausland.\",\"breadcrumb\":{\"@id\":\"https:\\\/\\\/neuton.de\\\/destination-wedding\\\/#breadcrumb\"},\"inLanguage\":\"en-GB\",\"potentialAction\":[{\"@type\":\"ReadAction\",\"target\":[\"https:\\\/\\\/neuton.de\\\/destination-wedding\\\/\"]}]},{\"@type\":\"BreadcrumbList\",\"@id\":\"https:\\\/\\\/neuton.de\\\/destination-wedding\\\/#breadcrumb\",\"itemListElement\":[{\"@type\":\"ListItem\",\"position\":1,\"name\":\"Startseite\",\"item\":\"https:\\\/\\\/neuton.de\\\/\"},{\"@type\":\"ListItem\",\"position\":2,\"name\":\"Destination Wedding\"}]},{\"@type\":\"WebSite\",\"@id\":\"https:\\\/\\\/neuton.de\\\/#website\",\"url\":\"https:\\\/\\\/neuton.de\\\/\",\"name\":\"Neuton\",\"description\":\"more than a duo\",\"publisher\":{\"@id\":\"https:\\\/\\\/neuton.de\\\/#organization\"},\"potentialAction\":[{\"@type\":\"SearchAction\",\"target\":{\"@type\":\"EntryPoint\",\"urlTemplate\":\"https:\\\/\\\/neuton.de\\\/?s={search_term_string}\"},\"query-input\":{\"@type\":\"PropertyValueSpecification\",\"valueRequired\":true,\"valueName\":\"search_term_string\"}}],\"inLanguage\":\"en-GB\"},{\"@type\":\"Organization\",\"@id\":\"https:\\\/\\\/neuton.de\\\/#organization\",\"name\":\"Neuton\",\"url\":\"https:\\\/\\\/neuton.de\\\/\",\"logo\":{\"@type\":\"ImageObject\",\"inLanguage\":\"en-GB\",\"@id\":\"https:\\\/\\\/neuton.de\\\/#\\\/schema\\\/logo\\\/image\\\/\",\"url\":\"https:\\\/\\\/neuton.de\\\/wp-content\\\/uploads\\\/2025\\\/09\\\/Logo_Neuton_black-straight-squ.png\",\"contentUrl\":\"https:\\\/\\\/neuton.de\\\/wp-content\\\/uploads\\\/2025\\\/09\\\/Logo_Neuton_black-straight-squ.png\",\"width\":1080,\"height\":569,\"caption\":\"Neuton\"},\"image\":{\"@id\":\"https:\\\/\\\/neuton.de\\\/#\\\/schema\\\/logo\\\/image\\\/\"},\"sameAs\":[\"https:\\\/\\\/facebook.com\\\/neuton.official\",\"https:\\\/\\\/instagram.com\\\/neuton.official\",\"https:\\\/\\\/youtube.com\\\/c\\\/neutonofficial\"]}]}<\/script>\n<!-- \/ Yoast SEO plugin. -->","yoast_head_json":{"title":"NEUTON Akustikduo - Die Liveband f\u00fcr dein Destination Wedding","description":"Liveband f\u00fcr Destination Weddings z.B. auf Mallorca oder in der Toskana. Professionelle Musiker, schnelle Absprachen und zuverl\u00e4ssige Partner f\u00fcr eure Hochzeit im Ausland.","robots":{"index":"index","follow":"follow","max-snippet":"max-snippet:-1","max-image-preview":"max-image-preview:large","max-video-preview":"max-video-preview:-1"},"canonical":"https:\/\/neuton.de\/en\/destination-wedding\/","og_locale":"en_GB","og_type":"article","og_title":"NEUTON Akustikduo - Die Liveband f\u00fcr dein Destination Wedding","og_description":"Liveband f\u00fcr Destination Weddings z.B. auf Mallorca oder in der Toskana. Professionelle Musiker, schnelle Absprachen und zuverl\u00e4ssige Partner f\u00fcr eure Hochzeit im Ausland.","og_url":"https:\/\/neuton.de\/en\/destination-wedding\/","og_site_name":"NEUTON","article_publisher":"https:\/\/facebook.com\/neuton.official","article_modified_time":"2026-02-11T12:16:13+00:00","twitter_card":"summary_large_image","twitter_misc":{"Estimated reading time":"2 minutes"},"schema":{"@context":"https:\/\/schema.org","@graph":[{"@type":"WebPage","@id":"https:\/\/neuton.de\/destination-wedding\/","url":"https:\/\/neuton.de\/destination-wedding\/","name":"NEUTON Akustikduo - Die Liveband f\u00fcr dein Destination Wedding","isPartOf":{"@id":"https:\/\/neuton.de\/#website"},"datePublished":"2024-03-25T14:32:24+00:00","dateModified":"2026-02-11T12:16:13+00:00","description":"Liveband f\u00fcr Destination Weddings z.B. auf Mallorca oder in der Toskana. Professionelle Musiker, schnelle Absprachen und zuverl\u00e4ssige Partner f\u00fcr eure Hochzeit im Ausland.","breadcrumb":{"@id":"https:\/\/neuton.de\/destination-wedding\/#breadcrumb"},"inLanguage":"en-GB","potentialAction":[{"@type":"ReadAction","target":["https:\/\/neuton.de\/destination-wedding\/"]}]},{"@type":"BreadcrumbList","@id":"https:\/\/neuton.de\/destination-wedding\/#breadcrumb","itemListElement":[{"@type":"ListItem","position":1,"name":"Startseite","item":"https:\/\/neuton.de\/"},{"@type":"ListItem","position":2,"name":"Destination Wedding"}]},{"@type":"WebSite","@id":"https:\/\/neuton.de\/#website","url":"https:\/\/neuton.de\/","name":"Neuton","description":"more than a duo","publisher":{"@id":"https:\/\/neuton.de\/#organization"},"potentialAction":[{"@type":"SearchAction","target":{"@type":"EntryPoint","urlTemplate":"https:\/\/neuton.de\/?s={search_term_string}"},"query-input":{"@type":"PropertyValueSpecification","valueRequired":true,"valueName":"search_term_string"}}],"inLanguage":"en-GB"},{"@type":"Organization","@id":"https:\/\/neuton.de\/#organization","name":"Neuton","url":"https:\/\/neuton.de\/","logo":{"@type":"ImageObject","inLanguage":"en-GB","@id":"https:\/\/neuton.de\/#\/schema\/logo\/image\/","url":"https:\/\/neuton.de\/wp-content\/uploads\/2025\/09\/Logo_Neuton_black-straight-squ.png","contentUrl":"https:\/\/neuton.de\/wp-content\/uploads\/2025\/09\/Logo_Neuton_black-straight-squ.png","width":1080,"height":569,"caption":"Neuton"},"image":{"@id":"https:\/\/neuton.de\/#\/schema\/logo\/image\/"},"sameAs":["https:\/\/facebook.com\/neuton.official","https:\/\/instagram.com\/neuton.official","https:\/\/youtube.com\/c\/neutonofficial"]}]}},"_links":{"self":[{"href":"https:\/\/neuton.de\/en\/wp-json\/wp\/v2\/pages\/5638","targetHints":{"allow":["GET"]}}],"collection":[{"href":"https:\/\/neuton.de\/en\/wp-json\/wp\/v2\/pages"}],"about":[{"href":"https:\/\/neuton.de\/en\/wp-json\/wp\/v2\/types\/page"}],"author":[{"embeddable":true,"href":"https:\/\/neuton.de\/en\/wp-json\/wp\/v2\/users\/1"}],"replies":[{"embeddable":true,"href":"https:\/\/neuton.de\/en\/wp-json\/wp\/v2\/comments?post=5638"}],"version-history":[{"count":10,"href":"https:\/\/neuton.de\/en\/wp-json\/wp\/v2\/pages\/5638\/revisions"}],"predecessor-version":[{"id":6061,"href":"https:\/\/neuton.de\/en\/wp-json\/wp\/v2\/pages\/5638\/revisions\/6061"}],"wp:attachment":[{"href":"https:\/\/neuton.de\/en\/wp-json\/wp\/v2\/media?parent=5638"}],"curies":[{"name":"wp","href":"https:\/\/api.w.org\/{rel}","templated":true}]}}