{"id":6024,"date":"2025-10-22T10:00:23","date_gmt":"2025-10-22T08:00:23","guid":{"rendered":"https:\/\/neuton.de\/?post_type=product&#038;p=6024"},"modified":"2025-10-22T16:07:39","modified_gmt":"2025-10-22T14:07:39","slug":"booklet-10-jahre-neuton","status":"publish","type":"product","link":"https:\/\/neuton.de\/en\/shop\/booklet-10-jahre-neuton\/","title":{"rendered":"Booklet &#8211; 10 Jahre Neuton"},"content":{"rendered":"<p>Das beste an CD&#8217;s war schon immer eigentlich das Booklet. Da wir dieses Jahr zu unserem 10 J\u00e4hrigen Jubil\u00e4umsalbum &#8218;Music Sounds Better With You&#8216; keine CD&#8217;s gepresst haben, aber auf eine Art Booklet nicht verzichten wollten, gibt es stattdessen unser 72-seitiges Buch zum Jubil\u00e4um. Es geht um unsere Anf\u00e4nge, das Crowdfunding, unser erstes Album, Corona, Annas Soloprojekt Ana\u00efsa, Tobi&#8217;s Sidequests mit Sasha und Helene und unser neues Album. Alles bebildert und mit reichlich Anekdoten verziert.<\/p>","protected":false},"excerpt":{"rendered":"<p>Das beste an CD&#8217;s war schon immer eigentlich das Booklet. Da wir dieses Jahr zu unserem 10 J\u00e4hrigen Jubil\u00e4umsalbum &#8218;Music Sounds Better With You&#8216; keine CD&#8217;s gepresst haben, aber auf eine Art Booklet nicht verzichten wollten, gibt es stattdessen unser 72-seitiges Buch zum Jubil\u00e4um. Es geht um unsere Anf\u00e4nge, das Crowdfunding, unser erstes Album, Corona, [&hellip;]<\/p>\n","protected":false},"featured_media":6007,"template":"","meta":[],"product_brand":[],"product_cat":[110],"product_tag":[],"class_list":{"0":"post-6024","1":"product","2":"type-product","3":"status-publish","4":"has-post-thumbnail","6":"product_cat-merch","8":"first","9":"instock","10":"taxable","11":"shipping-taxable","12":"purchasable","13":"product-type-simple"},"yoast_head":"<!-- This site is optimized with the Yoast SEO plugin v27.3 - https:\/\/yoast.com\/product\/yoast-seo-wordpress\/ -->\n<title>Booklet - 10 Jahre Neuton - NEUTON<\/title>\n<meta name=\"robots\" content=\"index, follow, max-snippet:-1, max-image-preview:large, max-video-preview:-1\" \/>\n<link rel=\"canonical\" href=\"https:\/\/neuton.de\/en\/shop\/booklet-10-jahre-neuton\/\" \/>\n<meta property=\"og:locale\" content=\"en_GB\" \/>\n<meta property=\"og:type\" content=\"article\" \/>\n<meta property=\"og:title\" content=\"Booklet - 10 Jahre Neuton - NEUTON\" \/>\n<meta property=\"og:description\" content=\"Das beste an CD&#8217;s war schon immer eigentlich das Booklet. Da wir dieses Jahr zu unserem 10 J\u00e4hrigen Jubil\u00e4umsalbum &#8218;Music Sounds Better With You&#8216; keine CD&#8217;s gepresst haben, aber auf eine Art Booklet nicht verzichten wollten, gibt es stattdessen unser 72-seitiges Buch zum Jubil\u00e4um. Es geht um unsere Anf\u00e4nge, das Crowdfunding, unser erstes Album, Corona, [&hellip;]\" \/>\n<meta property=\"og:url\" content=\"https:\/\/neuton.de\/en\/shop\/booklet-10-jahre-neuton\/\" \/>\n<meta property=\"og:site_name\" content=\"NEUTON\" \/>\n<meta property=\"article:publisher\" content=\"https:\/\/facebook.com\/neuton.official\" \/>\n<meta property=\"article:modified_time\" content=\"2025-10-22T14:07:39+00:00\" \/>\n<meta property=\"og:image\" content=\"https:\/\/neuton.de\/wp-content\/uploads\/2025\/10\/Merch-2025-10.jpg\" \/>\n\t<meta property=\"og:image:width\" content=\"1000\" \/>\n\t<meta property=\"og:image:height\" content=\"1000\" \/>\n\t<meta property=\"og:image:type\" content=\"image\/jpeg\" \/>\n<meta name=\"twitter:card\" content=\"summary_large_image\" \/>\n<meta name=\"twitter:label1\" content=\"Estimated reading time\" \/>\n\t<meta name=\"twitter:data1\" content=\"1 minute\" \/>\n<script type=\"application\/ld+json\" class=\"yoast-schema-graph\">{\"@context\":\"https:\\\/\\\/schema.org\",\"@graph\":[{\"@type\":\"WebPage\",\"@id\":\"https:\\\/\\\/neuton.de\\\/shop\\\/booklet-10-jahre-neuton\\\/\",\"url\":\"https:\\\/\\\/neuton.de\\\/shop\\\/booklet-10-jahre-neuton\\\/\",\"name\":\"Booklet - 10 Jahre Neuton - NEUTON\",\"isPartOf\":{\"@id\":\"https:\\\/\\\/neuton.de\\\/#website\"},\"primaryImageOfPage\":{\"@id\":\"https:\\\/\\\/neuton.de\\\/shop\\\/booklet-10-jahre-neuton\\\/#primaryimage\"},\"image\":{\"@id\":\"https:\\\/\\\/neuton.de\\\/shop\\\/booklet-10-jahre-neuton\\\/#primaryimage\"},\"thumbnailUrl\":\"https:\\\/\\\/neuton.de\\\/wp-content\\\/uploads\\\/2025\\\/10\\\/Merch-2025-10.jpg\",\"datePublished\":\"2025-10-22T08:00:23+00:00\",\"dateModified\":\"2025-10-22T14:07:39+00:00\",\"breadcrumb\":{\"@id\":\"https:\\\/\\\/neuton.de\\\/shop\\\/booklet-10-jahre-neuton\\\/#breadcrumb\"},\"inLanguage\":\"en-GB\",\"potentialAction\":[{\"@type\":\"ReadAction\",\"target\":[\"https:\\\/\\\/neuton.de\\\/shop\\\/booklet-10-jahre-neuton\\\/\"]}]},{\"@type\":\"ImageObject\",\"inLanguage\":\"en-GB\",\"@id\":\"https:\\\/\\\/neuton.de\\\/shop\\\/booklet-10-jahre-neuton\\\/#primaryimage\",\"url\":\"https:\\\/\\\/neuton.de\\\/wp-content\\\/uploads\\\/2025\\\/10\\\/Merch-2025-10.jpg\",\"contentUrl\":\"https:\\\/\\\/neuton.de\\\/wp-content\\\/uploads\\\/2025\\\/10\\\/Merch-2025-10.jpg\",\"width\":1000,\"height\":1000},{\"@type\":\"BreadcrumbList\",\"@id\":\"https:\\\/\\\/neuton.de\\\/shop\\\/booklet-10-jahre-neuton\\\/#breadcrumb\",\"itemListElement\":[{\"@type\":\"ListItem\",\"position\":1,\"name\":\"Startseite\",\"item\":\"https:\\\/\\\/neuton.de\\\/\"},{\"@type\":\"ListItem\",\"position\":2,\"name\":\"Shop\",\"item\":\"https:\\\/\\\/neuton.de\\\/shop\\\/\"},{\"@type\":\"ListItem\",\"position\":3,\"name\":\"Booklet &#8211; 10 Jahre Neuton\"}]},{\"@type\":\"WebSite\",\"@id\":\"https:\\\/\\\/neuton.de\\\/#website\",\"url\":\"https:\\\/\\\/neuton.de\\\/\",\"name\":\"Neuton\",\"description\":\"more than a duo\",\"publisher\":{\"@id\":\"https:\\\/\\\/neuton.de\\\/#organization\"},\"potentialAction\":[{\"@type\":\"SearchAction\",\"target\":{\"@type\":\"EntryPoint\",\"urlTemplate\":\"https:\\\/\\\/neuton.de\\\/?s={search_term_string}\"},\"query-input\":{\"@type\":\"PropertyValueSpecification\",\"valueRequired\":true,\"valueName\":\"search_term_string\"}}],\"inLanguage\":\"en-GB\"},{\"@type\":\"Organization\",\"@id\":\"https:\\\/\\\/neuton.de\\\/#organization\",\"name\":\"Neuton\",\"url\":\"https:\\\/\\\/neuton.de\\\/\",\"logo\":{\"@type\":\"ImageObject\",\"inLanguage\":\"en-GB\",\"@id\":\"https:\\\/\\\/neuton.de\\\/#\\\/schema\\\/logo\\\/image\\\/\",\"url\":\"https:\\\/\\\/neuton.de\\\/wp-content\\\/uploads\\\/2025\\\/09\\\/Logo_Neuton_black-straight-squ.png\",\"contentUrl\":\"https:\\\/\\\/neuton.de\\\/wp-content\\\/uploads\\\/2025\\\/09\\\/Logo_Neuton_black-straight-squ.png\",\"width\":1080,\"height\":569,\"caption\":\"Neuton\"},\"image\":{\"@id\":\"https:\\\/\\\/neuton.de\\\/#\\\/schema\\\/logo\\\/image\\\/\"},\"sameAs\":[\"https:\\\/\\\/facebook.com\\\/neuton.official\",\"https:\\\/\\\/instagram.com\\\/neuton.official\",\"https:\\\/\\\/youtube.com\\\/c\\\/neutonofficial\"]}]}<\/script>\n<!-- \/ Yoast SEO plugin. -->","yoast_head_json":{"title":"Booklet - 10 Jahre Neuton - NEUTON","robots":{"index":"index","follow":"follow","max-snippet":"max-snippet:-1","max-image-preview":"max-image-preview:large","max-video-preview":"max-video-preview:-1"},"canonical":"https:\/\/neuton.de\/en\/shop\/booklet-10-jahre-neuton\/","og_locale":"en_GB","og_type":"article","og_title":"Booklet - 10 Jahre Neuton - NEUTON","og_description":"Das beste an CD&#8217;s war schon immer eigentlich das Booklet. Da wir dieses Jahr zu unserem 10 J\u00e4hrigen Jubil\u00e4umsalbum &#8218;Music Sounds Better With You&#8216; keine CD&#8217;s gepresst haben, aber auf eine Art Booklet nicht verzichten wollten, gibt es stattdessen unser 72-seitiges Buch zum Jubil\u00e4um. Es geht um unsere Anf\u00e4nge, das Crowdfunding, unser erstes Album, Corona, [&hellip;]","og_url":"https:\/\/neuton.de\/en\/shop\/booklet-10-jahre-neuton\/","og_site_name":"NEUTON","article_publisher":"https:\/\/facebook.com\/neuton.official","article_modified_time":"2025-10-22T14:07:39+00:00","og_image":[{"width":1000,"height":1000,"url":"https:\/\/neuton.de\/wp-content\/uploads\/2025\/10\/Merch-2025-10.jpg","type":"image\/jpeg"}],"twitter_card":"summary_large_image","twitter_misc":{"Estimated reading time":"1 minute"},"schema":{"@context":"https:\/\/schema.org","@graph":[{"@type":"WebPage","@id":"https:\/\/neuton.de\/shop\/booklet-10-jahre-neuton\/","url":"https:\/\/neuton.de\/shop\/booklet-10-jahre-neuton\/","name":"Booklet - 10 Jahre Neuton - NEUTON","isPartOf":{"@id":"https:\/\/neuton.de\/#website"},"primaryImageOfPage":{"@id":"https:\/\/neuton.de\/shop\/booklet-10-jahre-neuton\/#primaryimage"},"image":{"@id":"https:\/\/neuton.de\/shop\/booklet-10-jahre-neuton\/#primaryimage"},"thumbnailUrl":"https:\/\/neuton.de\/wp-content\/uploads\/2025\/10\/Merch-2025-10.jpg","datePublished":"2025-10-22T08:00:23+00:00","dateModified":"2025-10-22T14:07:39+00:00","breadcrumb":{"@id":"https:\/\/neuton.de\/shop\/booklet-10-jahre-neuton\/#breadcrumb"},"inLanguage":"en-GB","potentialAction":[{"@type":"ReadAction","target":["https:\/\/neuton.de\/shop\/booklet-10-jahre-neuton\/"]}]},{"@type":"ImageObject","inLanguage":"en-GB","@id":"https:\/\/neuton.de\/shop\/booklet-10-jahre-neuton\/#primaryimage","url":"https:\/\/neuton.de\/wp-content\/uploads\/2025\/10\/Merch-2025-10.jpg","contentUrl":"https:\/\/neuton.de\/wp-content\/uploads\/2025\/10\/Merch-2025-10.jpg","width":1000,"height":1000},{"@type":"BreadcrumbList","@id":"https:\/\/neuton.de\/shop\/booklet-10-jahre-neuton\/#breadcrumb","itemListElement":[{"@type":"ListItem","position":1,"name":"Startseite","item":"https:\/\/neuton.de\/"},{"@type":"ListItem","position":2,"name":"Shop","item":"https:\/\/neuton.de\/shop\/"},{"@type":"ListItem","position":3,"name":"Booklet &#8211; 10 Jahre Neuton"}]},{"@type":"WebSite","@id":"https:\/\/neuton.de\/#website","url":"https:\/\/neuton.de\/","name":"Neuton","description":"more than a duo","publisher":{"@id":"https:\/\/neuton.de\/#organization"},"potentialAction":[{"@type":"SearchAction","target":{"@type":"EntryPoint","urlTemplate":"https:\/\/neuton.de\/?s={search_term_string}"},"query-input":{"@type":"PropertyValueSpecification","valueRequired":true,"valueName":"search_term_string"}}],"inLanguage":"en-GB"},{"@type":"Organization","@id":"https:\/\/neuton.de\/#organization","name":"Neuton","url":"https:\/\/neuton.de\/","logo":{"@type":"ImageObject","inLanguage":"en-GB","@id":"https:\/\/neuton.de\/#\/schema\/logo\/image\/","url":"https:\/\/neuton.de\/wp-content\/uploads\/2025\/09\/Logo_Neuton_black-straight-squ.png","contentUrl":"https:\/\/neuton.de\/wp-content\/uploads\/2025\/09\/Logo_Neuton_black-straight-squ.png","width":1080,"height":569,"caption":"Neuton"},"image":{"@id":"https:\/\/neuton.de\/#\/schema\/logo\/image\/"},"sameAs":["https:\/\/facebook.com\/neuton.official","https:\/\/instagram.com\/neuton.official","https:\/\/youtube.com\/c\/neutonofficial"]}]}},"_links":{"self":[{"href":"https:\/\/neuton.de\/en\/wp-json\/wp\/v2\/product\/6024","targetHints":{"allow":["GET"]}}],"collection":[{"href":"https:\/\/neuton.de\/en\/wp-json\/wp\/v2\/product"}],"about":[{"href":"https:\/\/neuton.de\/en\/wp-json\/wp\/v2\/types\/product"}],"version-history":[{"count":3,"href":"https:\/\/neuton.de\/en\/wp-json\/wp\/v2\/product\/6024\/revisions"}],"predecessor-version":[{"id":6033,"href":"https:\/\/neuton.de\/en\/wp-json\/wp\/v2\/product\/6024\/revisions\/6033"}],"wp:featuredmedia":[{"embeddable":true,"href":"https:\/\/neuton.de\/en\/wp-json\/wp\/v2\/media\/6007"}],"wp:attachment":[{"href":"https:\/\/neuton.de\/en\/wp-json\/wp\/v2\/media?parent=6024"}],"wp:term":[{"taxonomy":"product_brand","embeddable":true,"href":"https:\/\/neuton.de\/en\/wp-json\/wp\/v2\/product_brand?post=6024"},{"taxonomy":"product_cat","embeddable":true,"href":"https:\/\/neuton.de\/en\/wp-json\/wp\/v2\/product_cat?post=6024"},{"taxonomy":"product_tag","embeddable":true,"href":"https:\/\/neuton.de\/en\/wp-json\/wp\/v2\/product_tag?post=6024"}],"curies":[{"name":"wp","href":"https:\/\/api.w.org\/{rel}","templated":true}]}}